{"id":9072,"date":"2025-12-04T13:01:01","date_gmt":"2025-12-04T12:01:01","guid":{"rendered":"http:\/\/golfriendshop.com\/?page_id=9072"},"modified":"2025-12-11T10:03:21","modified_gmt":"2025-12-11T09:03:21","slug":"politica-cookies","status":"publish","type":"page","link":"https:\/\/golfriendshop.com\/es\/politica-cookies\/","title":{"rendered":"Pol\u00edtica de Cookies"},"content":{"rendered":"\t\t<div data-elementor-type=\"wp-page\" data-elementor-id=\"9072\" class=\"elementor elementor-9072\" data-elementor-post-type=\"page\">\n\t\t\t\t<div class=\"elementor-element elementor-element-751491a e-flex e-con-boxed e-con e-parent\" data-id=\"751491a\" data-element_type=\"container\" data-settings=\"{&quot;jet_parallax_layout_list&quot;:[]}\">\n\t\t\t\t\t<div class=\"e-con-inner\">\n\t\t<div data-ekitparallax=\"{&quot;ekit_section_parallax_bg&quot;:&quot;yes&quot;,&quot;ekit_section_parallax_bg_speed&quot;:0.5,&quot;elementor_lazy_load&quot;:&quot;1&quot;}\" class=\"elementor-element elementor-element-ed6a9a9 border-radius-section page-header-section e-flex e-con-boxed e-con e-child\" data-id=\"ed6a9a9\" data-element_type=\"container\" data-settings=\"{&quot;background_background&quot;:&quot;classic&quot;,&quot;jet_parallax_layout_list&quot;:[]}\">\n\t\t\t\t\t<div class=\"e-con-inner\">\n\t\t<div class=\"elementor-element elementor-element-31ce195 e-con-full e-flex e-con e-child\" data-id=\"31ce195\" data-element_type=\"container\" data-settings=\"{&quot;jet_parallax_layout_list&quot;:[]}\">\n\t\t\t\t<div class=\"elementor-element elementor-element-fec72e4 at-heading-animation at-animation-heading-style-3 elementor-widget elementor-widget-heading\" data-id=\"fec72e4\" data-element_type=\"widget\" data-settings=\"{&quot;ekit_we_effect_on&quot;:&quot;none&quot;}\" data-widget_type=\"heading.default\">\n\t\t\t\t\t<h1 class=\"elementor-heading-title elementor-size-default\">Pol\u00edtica de Cookies<\/h1>\t\t\t\t<\/div>\n\t\t\t\t<\/div>\n\t\t\t\t\t<\/div>\n\t\t\t\t<\/div>\n\t\t\t\t\t<\/div>\n\t\t\t\t<\/div>\n\t\t<div class=\"elementor-element elementor-element-ec7a426 e-flex e-con-boxed e-con e-parent\" data-id=\"ec7a426\" data-element_type=\"container\" data-settings=\"{&quot;jet_parallax_layout_list&quot;:[]}\">\n\t\t\t\t\t<div class=\"e-con-inner\">\n\t\t\t\t<div class=\"elementor-element elementor-element-1d4cd32 elementor-widget elementor-widget-text-editor\" data-id=\"1d4cd32\" data-element_type=\"widget\" data-settings=\"{&quot;ekit_we_effect_on&quot;:&quot;none&quot;}\" data-widget_type=\"text-editor.default\">\n\t\t\t\t\t\t\t\t\t<p>El objetivo de esta pol\u00edtica es informar a los interesados acerca de las cookies que emplea esta p\u00e1gina web de conformidad con lo establecido en la Ley 34\/2002, de 11 de julio, de Servicios de la Sociedad de la Informaci\u00f3n y de Comercio Electr\u00f3nico, y el Reglamento (UE) 2016\/679 del Parlamento Europeo y del Consejo de 27 de abril de 2016.<\/p><p><strong>1. USO DE COOKIES. \u00bfQU\u00c9 SON LAS COOKIES?<\/strong><\/p><p>Las cookies son ficheros que se descargan en su Ordenador, Smartphone o Tablet al acceder a determinadas p\u00e1ginas web. La utilizaci\u00f3n de cookies, ofrece numerosas ventajas en la prestaci\u00f3n de servicios de la Sociedad de la Informaci\u00f3n, puesto que, entre otras: (a) facilita la navegaci\u00f3n del usuario en el Sitio Web; (b) facilita al usuario el acceso a los diferentes servicios que ofrece el Sitio Web; (c) evita al usuario volver a configurar caracter\u00edsticas generales predefinidas cada vez que accede al Sitio Web; (d) favorece la mejora del funcionamiento y de los servicios prestados a trav\u00e9s del Sitio Web, tras el correspondiente an\u00e1lisis de la informaci\u00f3n obtenida a trav\u00e9s de las cookies instaladas; (e) permiten a un Sitio Web, entre otras cosas, almacenar y recuperar informaci\u00f3n sobre los h\u00e1bitos de navegaci\u00f3n de un usuario o de su equipo y, dependiendo de la informaci\u00f3n que contengan y de la forma en que utilice su equipo, pueden utilizarse para reconocer al usuario.<\/p><p>La mayor\u00eda de los navegadores aceptan como est\u00e1ndar a las cookies y, con independencia de las mismas, permiten o impiden en los ajustes de seguridad\u00a0 las cookies temporales o memorizadas.<\/p><p>Ten en cuenta que para poder utilizar y contar con una mejor experiencia de navegaci\u00f3n,\u00a0<strong>\u00a0<\/strong>es necesario que tengas habilitadas las cookies, especialmente aquellas de car\u00e1cter t\u00e9cnico que resultan necesarias para que pueda identificarte como usuario registrado cada vez que accedas a la presente web.<\/p><p>En caso de no querer recibir cookies, por favor, configure su navegador de internet, para que las borre del disco duro de su ordenador, las bloquee o le avise en su caso de instalaci\u00f3n de las mismas.<\/p><p><strong>2. INFORMACI\u00d3N SOBRE EL TIPO DE COOKIES<\/strong><\/p><p><strong>2.1. Tipos de cookies seg\u00fan la entidad que las gestione<\/strong><\/p><p>Seg\u00fan quien sea la entidad que gestione el equipo o dominio desde donde se env\u00edan las cookies y trate los datos que se obtengan, podemos distinguir habitualmente, aunque sin car\u00e1cter limitativo, entre:<\/p><p><strong>Cookies propias<\/strong>: Son aqu\u00e9llas que se env\u00edan al equipo terminal del usuario desde un equipo o dominio gestionado por el propio editor y desde el que se presta el servicio solicitado por el usuario.<\/p><p><strong>Cookies de tercero<\/strong>: Son aqu\u00e9llas que se env\u00edan al equipo terminal del usuario desde un equipo o dominio que no es gestionado por el editor, sino por otra entidad que trata los datos obtenidos trav\u00e9s de las cookies.<\/p><p><strong>2.2. Tipos de cookies seg\u00fan el plazo de tiempo que permanecen activadas<\/strong><\/p><p>Seg\u00fan el plazo de tiempo que permanecen activadas en el equipo terminal podemos distinguir habitualmente, aunque sin car\u00e1cter limitativo, entre:<\/p><p><strong>Cookies de sesi\u00f3n<\/strong>: Son un tipo de cookies dise\u00f1adas para recabar y almacenar datos mientras el usuario accede a una p\u00e1gina web.<\/p><p>Se suelen emplear para almacenar informaci\u00f3n que s\u00f3lo interesa conservar para la prestaci\u00f3n del servicio solicitado por el usuario en una sola ocasi\u00f3n (por ejemplo, una lista de productos adquiridos).<\/p><p><strong>Cookies persistentes<\/strong>: Son un tipo de cookies en el que los datos siguen almacenados en el terminal y pueden ser accedidos y tratados durante un periodo definido por el responsable de la cookie, y que puede ir de unos minutos a varios a\u00f1os.<\/p><p><strong>2.3 Tipos de cookies seg\u00fan su finalidad<\/strong><\/p><p>Seg\u00fan la finalidad para la que se traten los datos obtenidos a trav\u00e9s de las cookies, podemos distinguir habitualmente, aunque sin car\u00e1cter limitativo, entre:<\/p><p><strong>Cookies t\u00e9cnicas<\/strong>: Son aqu\u00e9llas que permiten al usuario la navegaci\u00f3n a trav\u00e9s de una p\u00e1gina web, plataforma o aplicaci\u00f3n y la utilizaci\u00f3n de las diferentes opciones o servicios que en ella existan como, por ejemplo, controlar el tr\u00e1fico y la comunicaci\u00f3n de datos, identificar la sesi\u00f3n, acceder a partes de acceso restringido, recordar los elementos que integran un pedido, realizar el proceso de compra de un pedido, realizar la solicitud de inscripci\u00f3n o participaci\u00f3n en un evento, utilizar elementos de seguridad durante la navegaci\u00f3n, almacenar contenidos para la difusi\u00f3n de videos o sonido o compartir contenidos a trav\u00e9s de redes sociales.<\/p><p><strong>Cookies de personalizaci\u00f3n<\/strong>: Son aqu\u00e9llas que permiten al usuario acceder al servicio con algunas caracter\u00edsticas de car\u00e1cter general predefinidas en funci\u00f3n de una serie de criterios en el terminal del usuario como por ejemplo serian el idioma, el tipo de navegador a trav\u00e9s del cual accede al servicio, la configuraci\u00f3n regional desde donde accede al servicio, etc.<\/p><p><strong>Cookies de an\u00e1lisis<\/strong>: Son aqu\u00e9llas que permiten al responsable de las mismas, el seguimiento y an\u00e1lisis del comportamiento de los usuarios de los sitios web a los que est\u00e1n vinculadas. La informaci\u00f3n recogida mediante este tipo de cookies se utiliza en la medici\u00f3n de la actividad de los sitios web, aplicaci\u00f3n o plataforma y para la elaboraci\u00f3n de perfiles de navegaci\u00f3n de los usuarios de dichos sitios, aplicaciones y plataformas, con el fin de introducir mejoras en funci\u00f3n del an\u00e1lisis de los datos de uso que hacen los usuarios del servicio.<\/p><p><strong>Cookies publicitarias<\/strong>: Son aqu\u00e9llas que permiten la gesti\u00f3n, de la forma m\u00e1s eficaz posible, de los espacios publicitarios que, en su caso, el editor haya incluido en una p\u00e1gina web, aplicaci\u00f3n o plataforma desde la que presta el servicio solicitado en base a criterios como el contenido editado o la frecuencia en la que se muestran los anuncios.<\/p><p><strong>Cookies de publicidad comportamental<\/strong>: Son aqu\u00e9llas que permiten la gesti\u00f3n, de la forma m\u00e1s eficaz posible, de los espacios publicitarios que, en su caso, el editor haya incluido en una p\u00e1gina web, aplicaci\u00f3n o plataforma desde la que presta el servicio solicitado. Estas cookies almacenan informaci\u00f3n del comportamiento de los usuarios obtenida a trav\u00e9s de la observaci\u00f3n continuada de sus h\u00e1bitos de navegaci\u00f3n, lo que permite desarrollar un perfil espec\u00edfico para mostrar publicidad en funci\u00f3n del mismo.<\/p><p><strong>3. ADMINISTRACI\u00d3N DE COOKIES<\/strong><\/p><p>Deseamos que usted tenga la garant\u00eda de disponer de aquella informaci\u00f3n que le permita administrar las cookies instaladas en su equipo, de modo que, si as\u00ed lo deseara, pudiese en cualquier momento revocar el funcionamiento de las cookies de este sitio web.<\/p><p>Por ello, usted tiene la opci\u00f3n de permitir o no que se instalen cookies en su equipo, mediante la configuraci\u00f3n de las opciones del navegador instalado en su equipo, o bien a trav\u00e9s de panel de configuraci\u00f3n situado en el inferior de esta p\u00e1gina.<\/p><p>A continuaci\u00f3n le informamos detalladamente todas las cookies que podr\u00edan llegar a instalarse desde nuestro sitio web. En funci\u00f3n de su navegaci\u00f3n, de la configuraci\u00f3n de su navegador y de la aceptaci\u00f3n o rechazo de las mismas, podr\u00e1n instalarse todas o s\u00f3lo algunas de ellas.<\/p><div class=\"cky-audit-table-element\">\u00a0<\/div><p>GOLFRIEND\u00b4S SHOP S.L. no se hace responsable, en ning\u00fan caso ni del contenido ni de la veracidad de las pol\u00edticas y\/o condiciones de uso y privacidad de los terceros, incluidos, a trav\u00e9s de los enlaces, en esta pol\u00edtica.<\/p><p><strong>4. C\u00d3MO BLOQUEAR REVOCAR O ELIMINAR LAS COOKIES INSTALADAS<\/strong><\/p><p>Puede usted permitir, bloquear, revocar o eliminar las cookies instaladas en su equipo mediante la configuraci\u00f3n de las opciones de su navegador. Puede encontrar informaci\u00f3n sobre c\u00f3mo hacerlo, en relaci\u00f3n con los navegadores m\u00e1s comunes en los links que se incluyen a continuaci\u00f3n:<\/p><p>Explorer:\u00a0<a href=\"https:\/\/support.microsoft.com\/es-es\/kb\/278835\" rel=\"noopener noreferrer nofollow\">https:\/\/support.microsoft.com\/es-es\/kb\/278835<\/a><\/p><p>Microsoft Edge<strong>:\u00a0<\/strong><a href=\"https:\/\/privacy.microsoft.com\/es-es\/windows-10-microsoft-edge-and-privacy\" rel=\"noopener noreferrer nofollow\">https:\/\/privacy.microsoft.com\/es-es\/windows-10-microsoft-edge-and-privacy<\/a><\/p><p>Chrome:<a href=\"http:\/\/support.google.com\/chrome\/bin\/answer.py?hl=es&amp;answer=95647\" rel=\"noopener noreferrer nofollow\">https:\/\/support.google.com\/chrome\/answer\/95647?co=GENIE.Platform%3DDesktop&amp;hl=esttp:\/\/support.google.com\/chrome\/bin\/answer.py?hl=es&amp;answer=95647<\/a><\/p><p>Firefox:\u00a0<a href=\"http:\/\/support.mozilla.org\/es\/kb\/Borrar%20cookies\" rel=\"noopener noreferrer nofollow\">http:\/\/support.mozilla.org\/es\/kb\/Borrar%20cookies<\/a><\/p><p>Safari:\u00a0<a href=\"http:\/\/support.apple.com\/kb\/ph5042\" rel=\"noopener noreferrer nofollow\">http:\/\/support.apple.com\/kb\/ph5042<\/a>.<\/p><p>Opera:\u00a0<a href=\"https:\/\/help.opera.com\/en\/latest\/web-preferences\/#cookies\" rel=\"noopener noreferrer nofollow\">https:\/\/help.opera.com\/en\/latest\/web-preferences\/#cookies<\/a><\/p><p>Le informamos, no obstante, de la posibilidad de que la desactivaci\u00f3n de alguna cookie impida o dificulte la navegaci\u00f3n o la prestaci\u00f3n de los servicios ofrecidos en la p\u00e1gina web.<\/p><p>Para poder revocar al cookies inicialmente aceptadas, debe hacer click en el bot\u00f3n:\u00a0<a>\u201crevocar cookies\u201d.<\/a><\/p><p><strong>5. DESTINATARIOS DE LA INFORMACI\u00d3N<\/strong><\/p><p>Tendr\u00e1n acceso a la informaci\u00f3n obtenida a trav\u00e9s de las cookies del sitio web las empresas colaboradoras detalladas en el Panel de Administraci\u00f3n de Cookies, donde podr\u00e1s asimismo consultar las finalidades con las que la utilizan y sus respectivas pol\u00edticas de privacidad.<\/p><p>Asimismo, te informamos de que algunos de nuestros proveedores as\u00ed como empresas colaboradoras pueden realizar transferencias a terceros pa\u00edses. Puedes informarte de las transferencias a terceros pa\u00edses que, en su caso, realizan en sus correspondientes pol\u00edticas de privacidad, accesibles a trav\u00e9s de los enlaces facilitados en el Panel de Administraci\u00f3n.<\/p><p><strong>6. MODIFICACIONES\/ ACTUALIZACI\u00d3N<\/strong><\/p><p>La presente pol\u00edtica de cookies puede verse modificada\/actualizada en funci\u00f3n de las exigencias legales establecidas o con la finalidad de adaptar dicha pol\u00edtica a las instrucciones dictadas por la Agencia Espa\u00f1ola de Protecci\u00f3n de Datos o cambios en nuestro sitio web.<\/p><p>Por esta raz\u00f3n, aconsejamos a los usuarios que \u00a0visiten peri\u00f3dicamente nuestra\u00a0 pol\u00edtica de cookies.<\/p><p>Si tiene dudas acerca de esta pol\u00edtica de cookies, puede contactar con GOLFRIEND\u00b4S SHOP S.L. a trav\u00e9s del siguiente correo electr\u00f3nico: info@golfriendshop.com<\/p><p>\u00daltima revisi\u00f3n: 09 de Diciembre de 2025.<\/p><p><strong>7. DETALLES DE CONTACTO<\/strong><\/p><p>Para preguntas y\/o comentarios sobre nuestra pol\u00edtica de cookies y esta declaraci\u00f3n, por favor, contacta con nosotros usando los siguientes datos de contacto:<\/p><p>GOLFRIEND\u00b4S SHOP S.L.<br \/>Urb. El Pilar, C.C.Mustang 29688 Estepona (M\u00e1laga).<br \/>Email: info@golfriendshop.com<br \/>N\u00famero de tel\u00e9fono: 952 88 23 23<\/p>\t\t\t\t\t\t\t\t<\/div>\n\t\t\t\t\t<\/div>\n\t\t\t\t<\/div>\n\t\t\t\t<\/div>\n\t\t","protected":false},"excerpt":{"rendered":"<p>Pol\u00edtica de Cookies El objetivo de esta pol\u00edtica es informar a los [&hellip;]<\/p>\n","protected":false},"author":4,"featured_media":0,"parent":0,"menu_order":0,"comment_status":"closed","ping_status":"closed","template":"elementor_header_footer","meta":{"_joinchat":[],"footnotes":""},"class_list":["post-9072","page","type-page","status-publish","hentry"],"yoast_head":"<!-- This site is optimized with the Yoast SEO plugin v26.5 - https:\/\/yoast.com\/wordpress\/plugins\/seo\/ -->\n<title>Pol\u00edtica de Cookies - Golfriends Shop<\/title>\n<meta name=\"robots\" content=\"noindex, nofollow\" \/>\n<meta property=\"og:locale\" content=\"es_ES\" \/>\n<meta property=\"og:type\" content=\"article\" \/>\n<meta property=\"og:title\" content=\"Pol\u00edtica de Cookies - Golfriends Shop\" \/>\n<meta property=\"og:description\" content=\"Pol\u00edtica de Cookies El objetivo de esta pol\u00edtica es informar a los [&hellip;]\" \/>\n<meta property=\"og:url\" content=\"https:\/\/golfriendshop.com\/es\/politica-cookies\/\" \/>\n<meta property=\"og:site_name\" content=\"Golfriends Shop\" \/>\n<meta property=\"article:publisher\" content=\"https:\/\/www.facebook.com\/golfriendshop\/\" \/>\n<meta property=\"article:modified_time\" content=\"2025-12-11T09:03:21+00:00\" \/>\n<meta property=\"og:image\" content=\"https:\/\/golfriendshop.com\/wp-content\/uploads\/2025\/12\/fitting-golf-.jpg\" \/>\n\t<meta property=\"og:image:width\" content=\"1920\" \/>\n\t<meta property=\"og:image:height\" content=\"1080\" \/>\n\t<meta property=\"og:image:type\" content=\"image\/jpeg\" \/>\n<meta name=\"twitter:card\" content=\"summary_large_image\" \/>\n<meta name=\"twitter:label1\" content=\"Tiempo de lectura\" \/>\n\t<meta name=\"twitter:data1\" content=\"7 minutos\" \/>\n<script type=\"application\/ld+json\" class=\"yoast-schema-graph\">{\"@context\":\"https:\/\/schema.org\",\"@graph\":[{\"@type\":\"WebPage\",\"@id\":\"https:\/\/golfriendshop.com\/es\/politica-cookies\/\",\"url\":\"https:\/\/golfriendshop.com\/es\/politica-cookies\/\",\"name\":\"Pol\u00edtica de Cookies - Golfriends Shop\",\"isPartOf\":{\"@id\":\"https:\/\/golfriendshop.com\/es\/#website\"},\"datePublished\":\"2025-12-04T12:01:01+00:00\",\"dateModified\":\"2025-12-11T09:03:21+00:00\",\"breadcrumb\":{\"@id\":\"https:\/\/golfriendshop.com\/es\/politica-cookies\/#breadcrumb\"},\"inLanguage\":\"es\",\"potentialAction\":[{\"@type\":\"ReadAction\",\"target\":[\"https:\/\/golfriendshop.com\/es\/politica-cookies\/\"]}]},{\"@type\":\"BreadcrumbList\",\"@id\":\"https:\/\/golfriendshop.com\/es\/politica-cookies\/#breadcrumb\",\"itemListElement\":[{\"@type\":\"ListItem\",\"position\":1,\"name\":\"Portada\",\"item\":\"https:\/\/golfriendshop.com\/es\/\"},{\"@type\":\"ListItem\",\"position\":2,\"name\":\"Pol\u00edtica de Cookies\"}]},{\"@type\":\"WebSite\",\"@id\":\"https:\/\/golfriendshop.com\/es\/#website\",\"url\":\"https:\/\/golfriendshop.com\/es\/\",\"name\":\"Golfriends Shop\",\"description\":\"Tienda de Golf en Estepona y Marbella\",\"publisher\":{\"@id\":\"https:\/\/golfriendshop.com\/es\/#organization\"},\"alternateName\":\"Golfriends\",\"potentialAction\":[{\"@type\":\"SearchAction\",\"target\":{\"@type\":\"EntryPoint\",\"urlTemplate\":\"https:\/\/golfriendshop.com\/es\/?s={search_term_string}\"},\"query-input\":{\"@type\":\"PropertyValueSpecification\",\"valueRequired\":true,\"valueName\":\"search_term_string\"}}],\"inLanguage\":\"es\"},{\"@type\":\"Organization\",\"@id\":\"https:\/\/golfriendshop.com\/es\/#organization\",\"name\":\"Golfriends\",\"alternateName\":\"Golfriends Shop\",\"url\":\"https:\/\/golfriendshop.com\/es\/\",\"logo\":{\"@type\":\"ImageObject\",\"inLanguage\":\"es\",\"@id\":\"https:\/\/golfriendshop.com\/es\/#\/schema\/logo\/image\/\",\"url\":\"https:\/\/golfriendshop.com\/wp-content\/uploads\/2025\/12\/logogolf.jpg\",\"contentUrl\":\"https:\/\/golfriendshop.com\/wp-content\/uploads\/2025\/12\/logogolf.jpg\",\"width\":800,\"height\":800,\"caption\":\"Golfriends\"},\"image\":{\"@id\":\"https:\/\/golfriendshop.com\/es\/#\/schema\/logo\/image\/\"},\"sameAs\":[\"https:\/\/www.facebook.com\/golfriendshop\/\",\"https:\/\/www.instagram.com\/golfriends\/\"]}]}<\/script>\n<!-- \/ Yoast SEO plugin. -->","yoast_head_json":{"title":"Pol\u00edtica de Cookies - Golfriends Shop","robots":{"index":"noindex","follow":"nofollow"},"og_locale":"es_ES","og_type":"article","og_title":"Pol\u00edtica de Cookies - Golfriends Shop","og_description":"Pol\u00edtica de Cookies El objetivo de esta pol\u00edtica es informar a los [&hellip;]","og_url":"https:\/\/golfriendshop.com\/es\/politica-cookies\/","og_site_name":"Golfriends Shop","article_publisher":"https:\/\/www.facebook.com\/golfriendshop\/","article_modified_time":"2025-12-11T09:03:21+00:00","og_image":[{"width":1920,"height":1080,"url":"https:\/\/golfriendshop.com\/wp-content\/uploads\/2025\/12\/fitting-golf-.jpg","type":"image\/jpeg"}],"twitter_card":"summary_large_image","twitter_misc":{"Tiempo de lectura":"7 minutos"},"schema":{"@context":"https:\/\/schema.org","@graph":[{"@type":"WebPage","@id":"https:\/\/golfriendshop.com\/es\/politica-cookies\/","url":"https:\/\/golfriendshop.com\/es\/politica-cookies\/","name":"Pol\u00edtica de Cookies - Golfriends Shop","isPartOf":{"@id":"https:\/\/golfriendshop.com\/es\/#website"},"datePublished":"2025-12-04T12:01:01+00:00","dateModified":"2025-12-11T09:03:21+00:00","breadcrumb":{"@id":"https:\/\/golfriendshop.com\/es\/politica-cookies\/#breadcrumb"},"inLanguage":"es","potentialAction":[{"@type":"ReadAction","target":["https:\/\/golfriendshop.com\/es\/politica-cookies\/"]}]},{"@type":"BreadcrumbList","@id":"https:\/\/golfriendshop.com\/es\/politica-cookies\/#breadcrumb","itemListElement":[{"@type":"ListItem","position":1,"name":"Portada","item":"https:\/\/golfriendshop.com\/es\/"},{"@type":"ListItem","position":2,"name":"Pol\u00edtica de Cookies"}]},{"@type":"WebSite","@id":"https:\/\/golfriendshop.com\/es\/#website","url":"https:\/\/golfriendshop.com\/es\/","name":"Golfriends Shop","description":"Tienda de Golf en Estepona y Marbella","publisher":{"@id":"https:\/\/golfriendshop.com\/es\/#organization"},"alternateName":"Golfriends","potentialAction":[{"@type":"SearchAction","target":{"@type":"EntryPoint","urlTemplate":"https:\/\/golfriendshop.com\/es\/?s={search_term_string}"},"query-input":{"@type":"PropertyValueSpecification","valueRequired":true,"valueName":"search_term_string"}}],"inLanguage":"es"},{"@type":"Organization","@id":"https:\/\/golfriendshop.com\/es\/#organization","name":"Golfriends","alternateName":"Golfriends Shop","url":"https:\/\/golfriendshop.com\/es\/","logo":{"@type":"ImageObject","inLanguage":"es","@id":"https:\/\/golfriendshop.com\/es\/#\/schema\/logo\/image\/","url":"https:\/\/golfriendshop.com\/wp-content\/uploads\/2025\/12\/logogolf.jpg","contentUrl":"https:\/\/golfriendshop.com\/wp-content\/uploads\/2025\/12\/logogolf.jpg","width":800,"height":800,"caption":"Golfriends"},"image":{"@id":"https:\/\/golfriendshop.com\/es\/#\/schema\/logo\/image\/"},"sameAs":["https:\/\/www.facebook.com\/golfriendshop\/","https:\/\/www.instagram.com\/golfriends\/"]}]}},"_links":{"self":[{"href":"https:\/\/golfriendshop.com\/es\/wp-json\/wp\/v2\/pages\/9072","targetHints":{"allow":["GET"]}}],"collection":[{"href":"https:\/\/golfriendshop.com\/es\/wp-json\/wp\/v2\/pages"}],"about":[{"href":"https:\/\/golfriendshop.com\/es\/wp-json\/wp\/v2\/types\/page"}],"author":[{"embeddable":true,"href":"https:\/\/golfriendshop.com\/es\/wp-json\/wp\/v2\/users\/4"}],"replies":[{"embeddable":true,"href":"https:\/\/golfriendshop.com\/es\/wp-json\/wp\/v2\/comments?post=9072"}],"version-history":[{"count":5,"href":"https:\/\/golfriendshop.com\/es\/wp-json\/wp\/v2\/pages\/9072\/revisions"}],"predecessor-version":[{"id":9590,"href":"https:\/\/golfriendshop.com\/es\/wp-json\/wp\/v2\/pages\/9072\/revisions\/9590"}],"wp:attachment":[{"href":"https:\/\/golfriendshop.com\/es\/wp-json\/wp\/v2\/media?parent=9072"}],"curies":[{"name":"wp","href":"https:\/\/api.w.org\/{rel}","templated":true}]}}